{"id":29606,"date":"2018-10-29T14:21:28","date_gmt":"2018-10-29T13:21:28","guid":{"rendered":"http:\/\/christianneknops.com\/a-propos\/"},"modified":"2018-11-02T15:10:23","modified_gmt":"2018-11-02T14:10:23","slug":"a-propos","status":"publish","type":"page","link":"https:\/\/christianneknops.com\/fr\/a-propos\/","title":{"rendered":"\u00c0 PROPOS"},"content":{"rendered":"<p>[et_pb_section fb_built=\u00a0\u00bb1&Prime; admin_label=\u00a0\u00bbsection\u00a0\u00bb _builder_version=\u00a0\u00bb3.16.1&Prime; background_color=\u00a0\u00bb#2d2a31&Prime; background_image=\u00a0\u00bbhttp:\/\/christianneknops.com\/wp-content\/uploads\/2018\/10\/christianne-knops-artiste-peintre-painter-WEB-055.jpg\u00a0\u00bb transparent_background=\u00a0\u00bboff\u00a0\u00bb][et_pb_row use_custom_width=\u00a0\u00bbon\u00a0\u00bb width_unit=\u00a0\u00bboff\u00a0\u00bb background_color_2=\u00a0\u00bb#ffffff\u00a0\u00bb admin_label=\u00a0\u00bbrow\u00a0\u00bb _builder_version=\u00a0\u00bb3.16.1&Prime;][et_pb_column type=\u00a0\u00bb1_2&Prime; _builder_version=\u00a0\u00bb3.0.47&Prime; parallax=\u00a0\u00bboff\u00a0\u00bb parallax_method=\u00a0\u00bbon\u00a0\u00bb][\/et_pb_column][et_pb_column type=\u00a0\u00bb1_2&Prime; _builder_version=\u00a0\u00bb3.0.47&Prime; background_color=\u00a0\u00bb#ffffff\u00a0\u00bb parallax=\u00a0\u00bboff\u00a0\u00bb parallax_method=\u00a0\u00bbon\u00a0\u00bb][et_pb_text admin_label=\u00a0\u00bbTexte\u00a0\u00bb _builder_version=\u00a0\u00bb3.17.2&Prime; text_line_height=\u00a0\u00bb1.5em\u00a0\u00bb header_font=\u00a0\u00bb|700||on|||||\u00a0\u00bb header_text_align=\u00a0\u00bbcenter\u00a0\u00bb background_size=\u00a0\u00bbinitial\u00a0\u00bb background_position=\u00a0\u00bbtop_left\u00a0\u00bb background_repeat=\u00a0\u00bbrepeat\u00a0\u00bb custom_padding=\u00a0\u00bb70px||0px\u00a0\u00bb custom_padding_tablet=\u00a0\u00bb50px|50px|0px|50px|false|true\u00a0\u00bb custom_padding_phone=\u00a0\u00bb50px|40px|0px|40px\u00a0\u00bb custom_padding_last_edited=\u00a0\u00bbon|phone\u00a0\u00bb use_border_color=\u00a0\u00bboff\u00a0\u00bb border_style=\u00a0\u00bbsolid\u00a0\u00bb]<\/p>\n<h1>\u00c0 propos<\/h1>\n<p>[\/et_pb_text][et_pb_text admin_label=\u00a0\u00bbTexte\u00a0\u00bb _builder_version=\u00a0\u00bb3.17.2&Prime; text_font=\u00a0\u00bb||||||||\u00a0\u00bb text_line_height_phone=\u00a0\u00bb1.2em\u00a0\u00bb text_line_height_last_edited=\u00a0\u00bbon|phone\u00a0\u00bb header_font=\u00a0\u00bb||||||||\u00a0\u00bb background_size=\u00a0\u00bbinitial\u00a0\u00bb background_position=\u00a0\u00bbtop_left\u00a0\u00bb background_repeat=\u00a0\u00bbrepeat\u00a0\u00bb custom_padding=\u00a0\u00bb|70px|70px|70px||true\u00a0\u00bb custom_padding_tablet=\u00a0\u00bb0px|50px|50px|50px||true\u00a0\u00bb custom_padding_phone=\u00a0\u00bb0px|40px|50px|40px\u00a0\u00bb custom_padding_last_edited=\u00a0\u00bbon|phone\u00a0\u00bb use_border_color=\u00a0\u00bboff\u00a0\u00bb border_style=\u00a0\u00bbsolid\u00a0\u00bb]Christianne Knops est n\u00e9e en 1957, \u00e0 Maastricht. Elle a \u00e9tudi\u00e9 \u00e0 l`Acad\u00e9mie des Beaux- Arts de sa ville natale, de 1976 \u00e0 1981. A pr\u00e9sent, elle vit et travaille pr\u00e8s de Gen\u00e8ve.<\/p>\n<p>Dans le processus de cr\u00e9ation de Christianne Knops, la premi\u00e8re id\u00e9e na\u00eet d`une cou- leur, d`une ligne ou d`une forme. L`artiste travaille <strong>intuitivement<\/strong>, sans r\u00e9flexion ni plan pr\u00e9alable.<br \/>\nCette spontan\u00e9it\u00e9 fait de <strong>chaque \u0153uvre une expression tr\u00e8s personnelle<\/strong>, indissociable de l`auteur. Chaque \u0153uvre est r\u00e9ellement unique.<\/p>\n<p>L`\u00e9laboration d`un tableau fonctionne comme une sorte de squelette que l`on habillerait Pour ainsi dire, couche apr\u00e8s couche, de chair humaine. La vie est insuffl\u00e9e dans la Mati\u00e8re picturale, le chaos apparent s`anime, acquiert une \u00e2me. <strong>La toile se met \u00e0 respirer<\/strong> tel un organisme vivant.<br \/>\nOn comprend que l`harmonie recherch\u00e9e par Christianne Knops \u00e0 travers ses \u00ab gen\u00e8ses \u00bb Soit tr\u00e8s \u00e9loign\u00e9e de la r\u00e9alit\u00e9 photographique . Ainsi, dans ses tableaux figuratifs, si c`est le plus souvent la forme humaine qui joue le r\u00f4le principal, il s`agit toujours de personnages abstraits, sans traits reconnaissables.<\/p>\n<p><strong>A l`individu, l`artiste pr\u00e9f\u00e8re les relations interhumaines<\/strong>, sugg\u00e8re par exemple une conversation, une \u00e9treinte, ou d`autres liens de r\u00e9ciprocit\u00e9, elle propose les ingr\u00e9dients d`un r\u00e9cit dont chaque spectateur est libre de d\u00e9nouer les fils \u00e0 sa fa\u00e7on.<br \/>\nChristianne Knops expose r\u00e9guli\u00e8rement en France, en Suisse et aux Pays-Bas.<br \/>\n[\/et_pb_text][\/et_pb_column][\/et_pb_row][\/et_pb_section]<\/p>\n","protected":false},"excerpt":{"rendered":"<p>\u00c0 propos Christianne Knops est n\u00e9e en 1957, \u00e0 Maastricht. Elle a \u00e9tudi\u00e9 \u00e0 l`Acad\u00e9mie des Beaux- Arts de sa ville natale, de 1976 \u00e0 1981. A pr\u00e9sent, elle vit et travaille pr\u00e8s de Gen\u00e8ve. Dans le processus de cr\u00e9ation de Christianne Knops, la premi\u00e8re id\u00e9e na\u00eet d`une cou- leur, d`une ligne ou d`une forme. [&hellip;]<\/p>\n","protected":false},"author":1,"featured_media":0,"parent":0,"menu_order":0,"comment_status":"closed","ping_status":"closed","template":"","meta":{"_et_pb_use_builder":"on","_et_pb_old_content":"","_et_gb_content_width":"","footnotes":""},"class_list":["post-29606","page","type-page","status-publish","hentry"],"_links":{"self":[{"href":"https:\/\/christianneknops.com\/fr\/wp-json\/wp\/v2\/pages\/29606","targetHints":{"allow":["GET"]}}],"collection":[{"href":"https:\/\/christianneknops.com\/fr\/wp-json\/wp\/v2\/pages"}],"about":[{"href":"https:\/\/christianneknops.com\/fr\/wp-json\/wp\/v2\/types\/page"}],"author":[{"embeddable":true,"href":"https:\/\/christianneknops.com\/fr\/wp-json\/wp\/v2\/users\/1"}],"replies":[{"embeddable":true,"href":"https:\/\/christianneknops.com\/fr\/wp-json\/wp\/v2\/comments?post=29606"}],"version-history":[{"count":7,"href":"https:\/\/christianneknops.com\/fr\/wp-json\/wp\/v2\/pages\/29606\/revisions"}],"predecessor-version":[{"id":29722,"href":"https:\/\/christianneknops.com\/fr\/wp-json\/wp\/v2\/pages\/29606\/revisions\/29722"}],"wp:attachment":[{"href":"https:\/\/christianneknops.com\/fr\/wp-json\/wp\/v2\/media?parent=29606"}],"curies":[{"name":"wp","href":"https:\/\/api.w.org\/{rel}","templated":true}]}}